{"id":70,"date":"2017-05-05T21:30:38","date_gmt":"2017-05-05T19:30:38","guid":{"rendered":"http:\/\/gaul-hechler.de\/wordpress\/?page_id=70"},"modified":"2019-11-23T12:43:53","modified_gmt":"2019-11-23T11:43:53","slug":"impressum","status":"publish","type":"page","link":"https:\/\/gaul-hechler.de\/?page_id=70","title":{"rendered":"Impressum"},"content":{"rendered":"<p><strong>Impressum<\/strong><\/p>\n<p>Rechtsform: Weingut, landwirtschaftlicher Betrieb<br \/>\nEintragung: keine<br \/>\nVertretungsberechigt: Georg Gaul<br \/>\nSteuernummer: U.St.ID 08\/230\/3008\/1<\/p>\n<p><b>Aufsichtsbeh\u00f6rde<\/b><br \/>\nMinisterium f\u00fcr Umwelt, Landwirtschaft, Ern\u00e4hrung, Weinbau und Forsten, Kaiser-Friedrich-Str. 1,, 55116 Mainz<\/p>\n<p>Unser Weingut ist der Landwirtschaftskammer Rheinland-Pfalz, Burgenlandstr. 7, 55543 Bad Kreuznach angeschlossen. Gesetzliche Grundlage unserer T\u00e4tigkeit: Weingesetz (WeinG). http\/:www.gesetze-im-internet.de\/weing_1994\/<\/p>\n<p>Inhaltlich Verantwortlicher gem\u00e4\u00df \u00a710 Absatz 3 MDStV: Sven Schrader<br \/>\nDer Autor \u00fcbernimmt keinerlei Gew\u00e4hr f\u00fcr die Aktualit\u00e4t, Korrektheit, Vollst\u00e4ndigkeit oder Qualit\u00e4t der bereitgestellten Informationen. Haftungsanspr\u00fcche gegen den Autor, die sich auf Sch\u00e4den materieller oder ideeller Art beziehen, die durch die Nutzung oder Nichtnutzung der dargebotenen Informationen bzw. durch die Nutzung fehlerhafter und unvollst\u00e4ndiger Informationen verursacht wurden, sind grunds\u00e4tzlich ausgeschlossen, sofern seitens des Autors kein nachweislich vors\u00e4tzliches oder grob fahrl\u00e4ssiges Verschulden vorliegt. Alle Angebote sind freibleibend und unverbindlich. Der Autor beh\u00e4lt es sich ausdr\u00fccklich vor, Teile der Seiten oder das gesamte Angebot ohne gesonderte Ank\u00fcndigung zu ver\u00e4ndern, zu erg\u00e4nzen, zu l\u00f6schen oder die Ver\u00f6ffentlichung zeitweise oder endg\u00fcltig einzustellen.<\/p>\n<p><b>Haftungshinweis<\/b><\/p>\n<p>Bei direkten oder indirekten Verweisen auf fremde Internetseiten (&#8222;Links&#8220;), die au\u00dferhalb des Verantwortungsbereiches des Autors liegen, w\u00fcrde eine Haftungsverpflichtung ausschlie\u00dflich in dem Fall in Kraft treten, in dem der Autor von den Inhalten Kenntnis hat und es ihm technisch m\u00f6glich und zumutbar w\u00e4re, die Nutzung im Falle rechtswidriger Inhalte zu verhindern. Der Autor erkl\u00e4rt hiermit ausdr\u00fccklich, dass zum Zeitpunkt der Link-Setzung keine illegalen Inhalte auf den zu verlinkenden Seiten erkennbar waren. Auf die aktuelle und zuk\u00fcnftige Gestaltung, die Inhalte oder die Urheberschaft der gelinkten\/verkn\u00fcpften Seiten hat der Autor keinerlei Einfluss. Deshalb distanziert er sich hiermit ausdr\u00fccklich von allen Inhalten aller gelinkten\/verkn\u00fcpften Seiten, die nach der Link-Setzung ver\u00e4ndert wurden. Diese Feststellung gilt f\u00fcr alle innerhalb des eigenen Internetangebotes gesetzten Links und Verweise sowie f\u00fcr Fremdeintr\u00e4ge in vom Autor eingerichteten G\u00e4steb\u00fcchern, Diskussionsforen und Mailinglisten. F\u00fcr illegale, fehlerhafte oder unvollst\u00e4ndige Inhalte und insbesondere f\u00fcr Sch\u00e4den, die aus der Nutzung oder Nichtnutzung solcherart dargebotener Informationen entstehen, haftet allein der Anbieter der Seite, auf welche verwiesen wurde, nicht derjenige, der \u00fcber Links auf die jeweilige Ver\u00f6ffentlichung lediglich verweist.<\/p>\n<p><b>Urheber- und Kennzeichenrecht<\/b><\/p>\n<p>Der Autor ist bestrebt, in allen Publikationen die Urheberrechte der verwendeten Grafiken, Tondokumente, Videosequenzen und Texte zu beachten, von ihm selbst erstellte Grafiken, Tondokumente, Videosequenzen und Texte zu nutzen oder auf lizenzfreie Grafiken, Tondokumente, Videosequenzen und Texte zur\u00fcckzugreifen. Alle innerhalb des Internetangebotes genannten und ggf. durch Dritte gesch\u00fctzten Marken- und Warenzeichen unterliegen uneingeschr\u00e4nkt den Bestimmungen des jeweils g\u00fcltigen Kennzeichenrechts und den Besitzrechten der jeweiligen eingetragenen Eigent\u00fcmer. Allein aufgrund der blo\u00dfen Nennung ist nicht der Schluss zu ziehen, dass Markenzeichen nicht durch Rechte Dritter gesch\u00fctzt sind! Das Copyright f\u00fcr ver\u00f6ffentlichte, vom Autor selbst erstellte Objekte bleibt allein beim Autor der Seiten. Eine Vervielf\u00e4ltigung oder Verwendung solcher Grafiken, Tondokumente, Videosequenzen und Texte in anderen elektronischen oder gedruckten Publikationen ist ohne ausdr\u00fcckliche Zustimmung des Autors nicht gestattet.<\/p>\n<p>&nbsp;<\/p>\n<h2 class=\"adsimple-311130478\" data-fontsize=\"24\" data-lineheight=\"36\">Datenschutz<\/h2>\n<p>Wir haben diese Datenschutzerkl\u00e4rung (Fassung 23.11.2019-311130478) verfasst, um Ihnen gem\u00e4\u00df der Vorgaben der\u00a0<a class=\"adsimple-311130478\" href=\"https:\/\/eur-lex.europa.eu\/legal-content\/DE\/ALL\/?tid=1234&amp;uri=celex%3A32016R0679&amp;tid=311130478\" target=\"_blank\" rel=\"noopener noreferrer\">Datenschutz-Grundverordnung (EU) 2016\/679<\/a>\u00a0zu erkl\u00e4ren, welche Informationen wir sammeln, wie wir Daten verwenden und welche Entscheidungsm\u00f6glichkeiten Sie als Besucher dieser Webseite haben.<\/p>\n<p>Leider liegt es in der Natur der Sache, dass diese Erkl\u00e4rungen sehr technisch klingen, wir haben uns bei der Erstellung jedoch bem\u00fcht die wichtigsten Dinge so einfach und klar wie m\u00f6glich zu beschreiben.<\/p>\n<h2 class=\"adsimple-311130478\" data-fontsize=\"24\" data-lineheight=\"36\">Cookies<\/h2>\n<p>Unsere Website verwendet HTTP-Cookies um nutzerspezifische Daten zu speichern.<br \/>\nIm Folgenden erkl\u00e4ren wir, was Cookies sind und warum Sie genutzt werden, damit Sie die folgende Datenschutzerkl\u00e4rung besser verstehen.<\/p>\n<h3 class=\"adsimple-311130478\" data-fontsize=\"21\" data-lineheight=\"31\">Was genau sind Cookies?<\/h3>\n<p>Immer wenn Sie durch das Internet surfen, verwenden Sie einen Browser. Bekannte Browser sind beispielsweise Chrome, Safari, Firefox, Internet Explorer und Microsoft Edge. Die meisten Webseiten speichern kleine Text-Dateien in Ihrem Browser. Diese Dateien nennt man Cookies.<\/p>\n<p>Eines ist nicht von der Hand zu weisen: Cookies sind echt n\u00fctzliche Helferlein. Fast alle Webseiten verwenden\u00a0Cookies. Genauer gesprochen sind es HTTP-Cookies, da es auch noch andere\u00a0Cookies f\u00fcr andere Anwendungsbereiche gibt. HTTP-Cookies\u00a0sind kleine Dateien, die von unserer Website auf Ihrem Computer gespeichert werden. Diese Cookie-Dateien werden automatisch im Cookie-Ordner, quasi dem \u201cHirn\u201d Ihres Browsers, untergebracht. Ein Cookie besteht aus einem Namen und einem Wert. Bei der Definition eines Cookies m\u00fcssen zus\u00e4tzlich ein oder mehrere Attribute angegeben werden.<\/p>\n<p>Cookies\u00a0speichern gewisse Nutzerdaten von Ihnen, wie beispielsweise Sprache oder pers\u00f6nliche Seiteneinstellungen. Wenn Sie unsere Seite wieder aufrufen, \u00fcbermittelt Ihr Browser die \u201euserbezogenen\u201c Informationen an unsere Seite zur\u00fcck. Dank der Cookies wei\u00df unsere Website, wer Sie sind und bietet Ihnen Ihre gewohnte Standardeinstellung. In einigen Browsern hat jedes\u00a0Cookie\u00a0eine eigene Datei, in anderen wie beispielsweise Firefox sind alle\u00a0Cookies\u00a0in einer einzigen Datei gespeichert.<\/p>\n<p>Es gibt sowohl Erstanbieter Cookies als auch Drittanbieter-Cookies. Erstanbieter-Cookies werden direkt von unserer Seite erstellt, Drittanbieter-Cookies werden von Partner-Webseiten (z.B. Google Analytics) erstellt.\u00a0Jedes Cookie ist individuell zu bewerten, da jedes Cookie andere Daten speichert. Auch die Ablaufzeit eines Cookies variiert von ein paar Minuten bis hin zu ein paar Jahren.\u00a0Cookies sind keine Software-Programme und enthalten keine Viren, Trojaner oder andere \u201eSch\u00e4dlinge\u201c. Cookies k\u00f6nnen auch nicht auf Informationen Ihres PCs zugreifen.<\/p>\n<p>So k\u00f6nnen zum Beispiel Cookie-Daten aussehen:<\/p>\n<ul class=\"adsimple-311130478\">\n<li class=\"adsimple-311130478\">Name: _ga<\/li>\n<li class=\"adsimple-311130478\">Ablaufzeit: 2 Jahre<\/li>\n<li class=\"adsimple-311130478\">Verwendung: Unterscheidung der Webseitenbesucher<\/li>\n<li class=\"adsimple-311130478\">Beispielhafter Wert:\u00a0GA1.2.1326744211.152311130478<\/li>\n<\/ul>\n<p>Ein Browser sollte folgende Mindestgr\u00f6\u00dfen unterst\u00fctzen:<\/p>\n<ul class=\"adsimple-311130478\">\n<li class=\"adsimple-311130478\">Ein Cookie soll mindestens 4096 Bytes enthalten k\u00f6nnen<\/li>\n<li class=\"adsimple-311130478\">Pro Domain sollen mindestens 50 Cookies gespeichert werden k\u00f6nnen<\/li>\n<li class=\"adsimple-311130478\">Insgesamt sollen mindestens 3000 Cookies gespeichert werden k\u00f6nnen<\/li>\n<\/ul>\n<h3 class=\"adsimple-311130478\" data-fontsize=\"21\" data-lineheight=\"31\">Welche Arten von Cookies gibt es?<\/h3>\n<p>Die Frage welche Cookies wir im Speziellen verwenden, h\u00e4ngt von den verwendeten Diensten ab und wird in der folgenden Abschnitten der Datenschutzerkl\u00e4rung gekl\u00e4rt. An dieser Stelle m\u00f6chten wir kurz auf die verschiedenen Arten von HTTP-Cookies eingehen.<\/p>\n<p>Man kann 4 Arten von Cookies unterscheiden:<\/p>\n<p><strong class=\"adsimple-311130478\">Unbedingt notwendige Cookies<br \/>\n<\/strong>Diese Cookies sind n\u00f6tig, um grundlegende Funktionen der Website sicherzustellen. Zum Beispiel braucht es diese Cookies, wenn ein User ein Produkt in den Warenkorb legt, dann auf anderen Seiten weitersurft und sp\u00e4ter erst zur Kasse geht. Durch diese Cookies wird der Warenkorb nicht gel\u00f6scht, selbst wenn der User sein Browserfenster schlie\u00dft.<\/p>\n<p><strong class=\"adsimple-311130478\">Funktionelle Cookies<br \/>\n<\/strong>Diese Cookies sammeln Infos \u00fcber das Userverhalten und ob der User etwaige Fehlermeldungen bekommt. Zudem werden mithilfe dieser Cookies auch die Ladezeit und das Verhalten der Website bei verschiedenen Browsern gemessen.<\/p>\n<p><strong class=\"adsimple-311130478\">Zielorientierte Cookies<br \/>\n<\/strong>Diese Cookies sorgen f\u00fcr eine bessere Nutzerfreundlichkeit. Beispielsweise werden eingegebene Standorte, Schriftgr\u00f6\u00dfen oder Formulardaten gespeichert.<\/p>\n<p><strong class=\"adsimple-311130478\">Werbe-Cookies<br \/>\n<\/strong>Diese Cookies werden auch Targeting-Cookies genannt. Sie dienen dazu dem User individuell angepasste Werbung zu liefern. Das kann sehr praktisch, aber auch sehr nervig sein.<\/p>\n<p>\u00dcblicherweise werden Sie beim erstmaligen Besuch einer Webseite gefragt, welche dieser Cookiearten Sie zulassen m\u00f6chten. Und nat\u00fcrlich wird diese Entscheidung auch in einem Cookie gespeichert.<\/p>\n<h3 class=\"adsimple-311130478\" data-fontsize=\"21\" data-lineheight=\"31\">Wie kann ich Cookies l\u00f6schen?<\/h3>\n<p>Wie und ob Sie Cookies verwenden wollen, entscheiden Sie selbst. Unabh\u00e4ngig von welchem Service oder welcher Website die Cookies stammen, haben Sie immer die M\u00f6glichkeit\u00a0Cookies zu l\u00f6schen, nur teilweise zuzulassen oder zu deaktivieren. Zum Beispiel k\u00f6nnen Sie Cookies von Drittanbietern blockieren, aber alle anderen Cookies zulassen.<\/p>\n<p>Wenn Sie feststellen m\u00f6chten, welche Cookies in Ihrem Browser gespeichert wurden, wenn Sie Cookie-Einstellungen \u00e4ndern oder l\u00f6schen wollen, k\u00f6nnen Sie dies in Ihren Browser-Einstellungen finden:<\/p>\n<p><a class=\"adsimple-311130478\" href=\"https:\/\/support.google.com\/chrome\/answer\/95647?tid=311130478\" target=\"_blank\" rel=\"noopener noreferrer\">Chrome: Cookies in Chrome l\u00f6schen, aktivieren und verwalten<\/a><\/p>\n<p><a class=\"adsimple-311130478\" href=\"https:\/\/support.apple.com\/de-at\/guide\/safari\/sfri11471\/mac?tid=311130478\" target=\"_blank\" rel=\"noopener noreferrer\">Safari: Verwalten von Cookies und Websitedaten mit Safari<\/a><\/p>\n<p><a class=\"adsimple-311130478\" href=\"https:\/\/support.mozilla.org\/de\/kb\/cookies-und-website-daten-in-firefox-loschen?tid=311130478\" target=\"_blank\" rel=\"noopener noreferrer\">Firefox: Cookies l\u00f6schen, um Daten zu entfernen, die Websites auf Ihrem Computer abgelegt haben<\/a><\/p>\n<p><a class=\"adsimple-311130478\" href=\"https:\/\/support.microsoft.com\/de-at\/help\/17442\/windows-internet-explorer-delete-manage-cookies?tid=311130478\" target=\"_blank\" rel=\"noopener noreferrer\">Internet Explorer: L\u00f6schen und Verwalten von Cookies<\/a><\/p>\n<p><a class=\"adsimple-311130478\" href=\"https:\/\/support.microsoft.com\/de-at\/help\/4027947\/windows-delete-cookies?tid=311130478\" target=\"_blank\" rel=\"noopener noreferrer\">Microsoft Edge: L\u00f6schen und Verwalten von Cookies<\/a><\/p>\n<p>Falls Sie grunds\u00e4tzlich keine Cookies haben wollen, k\u00f6nnen Sie Ihren Browser so einrichten, dass er Sie immer informiert, wenn ein Cookie gesetzt werden soll. So k\u00f6nnen Sie bei jedem einzelnen Cookie entscheiden, ob Sie das Cookie erlauben oder nicht. Die Vorgangsweise ist je nach Browser verschieden. Am besten ist es Sie suchen die Anleitung in Google mit dem Suchbegriff \u201cCookies l\u00f6schen Chrome\u201d oder \u201cCookies deaktivieren Chrome\u201d im Falle eines Chrome Browsers oder tauschen das Wort \u201cChrome\u201d gegen den Namen Ihres Browsers, z.B. Edge, Firefox, Safari aus.<\/p>\n<h3 class=\"adsimple-311130478\" data-fontsize=\"21\" data-lineheight=\"31\">Wie sieht es mit meinem Datenschutz aus?<\/h3>\n<p>Seit 2009 gibt es die sogenannten \u201eCookie-Richtlinien\u201c. Darin ist festgehalten, dass das Speichern von Cookies eine Einwilligung des Website-Besuchers (also von Ihnen) verlangt. Innerhalb der EU-L\u00e4nder gibt es allerdings noch sehr unterschiedliche Reaktionen auf diese Richtlinien. In Deutschland wurden die Cookie-Richtlinien nicht als nationales Recht umgesetzt. Stattdessen erfolgte die Umsetzung dieser Richtlinie weitgehend in \u00a7 15 Abs.3 des Telemediengesetzes (TMG).<\/p>\n<p>Wenn Sie mehr \u00fcber Cookies wissen m\u00f6chten und vor technischen Dokumentationen nicht zur\u00fcckscheuen, empfehlen wir\u00a0<a class=\"adsimple-311130478\" href=\"https:\/\/tools.ietf.org\/html\/rfc6265\" target=\"_blank\" rel=\"nofollow noopener noreferrer\">https:\/\/tools.ietf.org\/html\/rfc6265<\/a>, dem Request for Comments der Internet Engineering Task Force (IETF) namens \u201cHTTP State Management Mechanism\u201d.<\/p>\n<h2 class=\"adsimple-311130478\" data-fontsize=\"24\" data-lineheight=\"36\">Google Analytics Datenschutzerkl\u00e4rung<\/h2>\n<p>Wir verwenden auf dieser Website Google Analytics der Firma Google LLC (1600 Amphitheatre Parkway Mountain View, CA 94043, USA) um Besucherdaten statistisch auszuwerten. Dabei verwendet Google Analytics zielorientierte Cookies.<\/p>\n<h3 class=\"adsimple-311130478\" data-fontsize=\"21\" data-lineheight=\"31\">Cookies von Google Analytics<\/h3>\n<ul class=\"adsimple-311130478\">\n<li class=\"adsimple-311130478\">_ga\n<ul class=\"adsimple-311130478\">\n<li class=\"adsimple-311130478\">Ablaufzeit: 2 Jahre<\/li>\n<li class=\"adsimple-311130478\">Verwendung: Unterscheidung der Webseitenbesucher<\/li>\n<li class=\"adsimple-311130478\">Beispielhafter Wert:\u00a0GA1.2.1326744211.152311130478<\/li>\n<\/ul>\n<\/li>\n<li class=\"adsimple-311130478\">_gid\n<ul class=\"adsimple-311130478\">\n<li class=\"adsimple-311130478\">Ablaufzeit: 24 Stunden<\/li>\n<li class=\"adsimple-311130478\">Verwendung: Unterscheidung der Webseitenbesucher<\/li>\n<li class=\"adsimple-311130478\">Beispielhafter Wert: GA1.2.1687193234.152311130478<\/li>\n<\/ul>\n<\/li>\n<li class=\"adsimple-311130478\">_gat_gtag_UA_&lt;property-id&gt;\n<ul class=\"adsimple-311130478\">\n<li class=\"adsimple-311130478\">Ablaufzeit: 1 Minute<\/li>\n<li class=\"adsimple-311130478\">Verwendung:\u00a0Wird zum Drosseln der Anforderungsrate verwendet. Wenn Google Analytics \u00fcber den Google Tag Manager bereitgestellt wird, erh\u00e4lt dieser Cookie den Namen _dc_gtm_ &lt;property-id&gt;.<\/li>\n<li class=\"adsimple-311130478\">Beispielhafter Wert: 1<\/li>\n<\/ul>\n<\/li>\n<\/ul>\n<p>N\u00e4here Informationen zu Nutzungsbedingungen und Datenschutz finden Sie unter\u00a0<a class=\"adsimple-311130478\" href=\"http:\/\/www.google.com\/analytics\/terms\/de.html\">http:\/\/www.google.com\/analytics\/terms\/de.html<\/a>\u00a0bzw. unter\u00a0<a class=\"adsimple-311130478\" href=\"https:\/\/support.google.com\/analytics\/answer\/6004245?hl=de\">https:\/\/support.google.com\/analytics\/answer\/6004245?hl=de<\/a>.<\/p>\n<h3 class=\"adsimple-311130478\" data-fontsize=\"21\" data-lineheight=\"31\">Pseudonymisierung<\/h3>\n<p>Unser Anliegen im Sinne der DSGVO ist die Verbesserung unseres Angebotes und unseres Webauftritts. Da uns die Privatsph\u00e4re unserer Nutzer wichtig ist, werden die Nutzerdaten pseudonymisiert.\u00a0Die Datenverarbeitung erfolgt auf Basis der gesetzlichen Bestimmungen des Art 6 EU-DSGVO Abs 1 lit a (Einwilligung) und\/oder f (berechtigtes Interesse) der DSGVO.<\/p>\n<h3 class=\"adsimple-311130478\" data-fontsize=\"21\" data-lineheight=\"31\">Deaktivierung der Datenerfassung durch Google Analytics<\/h3>\n<p>Mithilfe des\u00a0<strong class=\"adsimple-311130478\">Browser-Add-ons zur Deaktivierung<\/strong>\u00a0von Google Analytics-JavaScript (ga.js, analytics.js, dc.js) k\u00f6nnen Website-Besucher verhindern, dass Google Analytics ihre Daten verwendet.<\/p>\n<p>Sie k\u00f6nnen die Erfassung der durch das Cookie erzeugten und auf Ihre Nutzung der Website bezogenen Daten an Google sowie die Verarbeitung dieser Daten durch Google verhindern, indem Sie das unter dem folgenden Link verf\u00fcgbare Browser-Plugin herunterladen und installieren:\u00a0<a class=\"adsimple-311130478\" href=\"https:\/\/tools.google.com\/dlpage\/gaoptout?hl=de\">https:\/\/tools.google.com\/dlpage\/gaoptout?hl=de<\/a><\/p>\n<p>&nbsp;<\/p>\n<h2 class=\"adsimple-311130478\" data-fontsize=\"24\" data-lineheight=\"36\">Google Analytics Deaktivierungslink<\/h2>\n<p>Wenn Sie auf folgenden\u00a0<strong class=\"adsimple-311130478\">Deaktivierungslink<\/strong>\u00a0klicken, k\u00f6nnen Sie verhindern, dass Google weitere Besuche auf dieser Webseite erfasst. Achtung: Das L\u00f6schen von Cookies, die Nutzung des Inkognito\/Privatmodus ihres Browsers, oder die Nutzung eines anderen Browsers f\u00fchrt dazu, dass wieder Daten erhoben werden.<\/p>\n<p>[google_analytics_optout]Google Analytics deaktivieren[\/google_analytics_optout]<\/p>\n<p>&nbsp;<\/p>\n<h2 class=\"adsimple-311130478\" data-fontsize=\"24\" data-lineheight=\"36\">Google Analytics IP-Anonymisierung<\/h2>\n<p>Wir haben auf dieser Webseite die IP-Adressen-Anonymisierung von Google Analytics implementiert.\u00a0Diese Funktion wurde von Google entwickelt, damit diese Webseite die geltenden Datenschutzbestimmungen und Empfehlungen der lokalen Datenschutzbeh\u00f6rden einhalten kann, wenn diese eine Speicherung der vollst\u00e4ndigen IP-Adresse untersagen. Die Anonymisierung bzw. Maskierung der IP findet statt, sobald die IP-Adressen im Google Analytics-Datenerfassungsnetzwerk eintreffen und bevor eine Speicherung oder Verarbeitung der Daten stattfindet.<\/p>\n<p>Mehr Informationen zur IP-Anonymisierung finden Sie auf\u00a0<a class=\"adsimple-311130478\" href=\"https:\/\/support.google.com\/analytics\/answer\/2763052?hl=de\" target=\"_blank\" rel=\"noopener noreferrer\">https:\/\/support.google.com\/analytics\/answer\/2763052?hl=de<\/a>.<\/p>\n<h2 class=\"adsimple-311130478\" data-fontsize=\"24\" data-lineheight=\"36\">Google Analytics Berichte zu demografischen Merkmalen und Interessen<\/h2>\n<p>Wir haben in Google Analytics die Funktionen f\u00fcr Werbeberichte eingeschaltet. Die Berichte zu demografischen Merkmalen und Interessen enthalten Angaben zu Alter, Geschlecht und Interessen. Damit k\u00f6nnen wir uns \u2013 ohne diese Daten einzelnen Personen zuordnen zu k\u00f6nnen \u2013 ein besseres Bild von unseren Nutzern machen. Mehr \u00fcber die Werbefunktionen erfahren Sie\u00a0<a class=\"adsimple-311130478\" href=\"https:\/\/support.google.com\/analytics\/answer\/3450482?hl=de_AT&amp;utm_id=ad\" target=\"_blank\" rel=\"noopener noreferrer\">auf\u00a0https:\/\/support.google.com\/analytics\/answer\/3450482?hl=de_AT&amp;utm_id=ad<\/a>.<\/p>\n<p>Sie k\u00f6nnen die Nutzung der Aktivit\u00e4ten und Informationen Ihres Google Kontos unter \u201cEinstellungen f\u00fcr Werbung\u201d auf\u00a0<a class=\"adsimple-311130478\" href=\"https:\/\/adssettings.google.com\/authenticated\">https:\/\/adssettings.google.com\/authenticated<\/a>\u00a0per Checkbox beenden.<\/p>\n<h2 class=\"adsimple-311130478\" data-fontsize=\"24\" data-lineheight=\"36\">Google Analytics Zusatz zur Datenverarbeitung<\/h2>\n<p>Wir haben mit Google einen Direktkundenvertrag zur Verwendung von Google Analytics abgeschlossen, indem wir den \u201cZusatz zur Datenverarbeitung\u201d in Google Analytics akzeptiert haben.<\/p>\n<p>Mehr \u00fcber den Zusatz zur Datenverarbeitung f\u00fcr Google Analytics finden Sie hier:\u00a0<a class=\"adsimple-311130478\" href=\"https:\/\/support.google.com\/analytics\/answer\/3379636?hl=de&amp;utm_id=ad\" target=\"_blank\" rel=\"noopener noreferrer\">https:\/\/support.google.com\/analytics\/answer\/3379636?hl=de&amp;utm_id=ad<\/a><\/p>\n<p>Quelle: Erstellt\u00a0mit dem\u00a0<a title=\"Datenschutz Generator Deutschland\" href=\"https:\/\/www.adsimple.de\/datenschutz-generator\/\" target=\"_blank\" rel=\"follow noopener noreferrer\">Datenschutz Generator<\/a>\u00a0von AdSimple\u00a0in Kooperation mit\u00a0<a title=\"\" href=\"https:\/\/www.bauenwir.de\/\" target=\"_blank\" rel=\"follow noopener noreferrer\">bauenwir.de<\/a><\/p>\n<p><b>\u00a0<\/b><\/p>\n<p><b>Rechtswirksamkeit dieses Haftungsausschlusses<\/b><\/p>\n<p>Dieser Haftungsausschluss ist als Teil des Internetangebotes zu betrachten. Sofern Teile oder einzelne Formulierungen dieses Textes der geltenden Rechtslage nicht, nicht mehr oder nicht vollst\u00e4ndig entsprechen sollten, bleiben die \u00fcbrigen Teile des Dokumentes in ihrem Inhalt und ihrer G\u00fcltigkeit davon unber\u00fchrt.<\/p>\n<p><b>Zus\u00e4tzlicher Rechtshinweis<\/b><\/p>\n<p>Wir aktualisieren diese Homepage st\u00e4ndig. Trotzdem k\u00f6nnen sich Daten ver\u00e4ndert haben. Eine Garantie oder Haftung f\u00fcr die Richtigkeit, Vollst\u00e4ndigkeit und Aktualit\u00e4t kann daher nicht \u00fcbernommen werden.<\/p>\n","protected":false},"excerpt":{"rendered":"<p>Impressum Rechtsform: Weingut, landwirtschaftlicher Betrieb Eintragung: keine Vertretungsberechigt: Georg Gaul Steuernummer: U.St.ID 08\/230\/3008\/1 Aufsichtsbeh\u00f6rde Ministerium f\u00fcr Umwelt, Landwirtschaft, Ern\u00e4hrung, Weinbau und Forsten, Kaiser-Friedrich-Str. 1,, 55116 Mainz Unser Weingut ist der Landwirtschaftskammer Rheinland-Pfalz, Burgenlandstr. 7, 55543 Bad Kreuznach angeschlossen. Gesetzliche Grundlage unserer T\u00e4tigkeit: Weingesetz (WeinG). http\/:www.gesetze-im-internet.de\/weing_1994\/ Inhaltlich Verantwortlicher gem\u00e4\u00df \u00a710 Absatz 3 MDStV: Sven Schrader Der &hellip; <\/p>\n<p class=\"link-more\"><a href=\"https:\/\/gaul-hechler.de\/?page_id=70\" class=\"more-link\"><span class=\"screen-reader-text\">\u201eImpressum\u201c<\/span> weiterlesen<\/a><\/p>\n","protected":false},"author":1,"featured_media":0,"parent":0,"menu_order":0,"comment_status":"closed","ping_status":"closed","template":"","meta":{"footnotes":""},"class_list":["post-70","page","type-page","status-publish","hentry"],"_links":{"self":[{"href":"https:\/\/gaul-hechler.de\/index.php?rest_route=\/wp\/v2\/pages\/70","targetHints":{"allow":["GET"]}}],"collection":[{"href":"https:\/\/gaul-hechler.de\/index.php?rest_route=\/wp\/v2\/pages"}],"about":[{"href":"https:\/\/gaul-hechler.de\/index.php?rest_route=\/wp\/v2\/types\/page"}],"author":[{"embeddable":true,"href":"https:\/\/gaul-hechler.de\/index.php?rest_route=\/wp\/v2\/users\/1"}],"replies":[{"embeddable":true,"href":"https:\/\/gaul-hechler.de\/index.php?rest_route=%2Fwp%2Fv2%2Fcomments&post=70"}],"version-history":[{"count":3,"href":"https:\/\/gaul-hechler.de\/index.php?rest_route=\/wp\/v2\/pages\/70\/revisions"}],"predecessor-version":[{"id":293,"href":"https:\/\/gaul-hechler.de\/index.php?rest_route=\/wp\/v2\/pages\/70\/revisions\/293"}],"wp:attachment":[{"href":"https:\/\/gaul-hechler.de\/index.php?rest_route=%2Fwp%2Fv2%2Fmedia&parent=70"}],"curies":[{"name":"wp","href":"https:\/\/api.w.org\/{rel}","templated":true}]}}